{"id":7495,"date":"2023-12-01T14:27:36","date_gmt":"2023-12-01T13:29:46","guid":{"rendered":"https:\/\/www.hgcp-seeds.be\/?post_type=product&#038;p=7495"},"modified":"2024-01-15T10:12:09","modified_gmt":"2024-01-15T09:12:09","slug":"tomaat-teton-de-venus","status":"publish","type":"product","link":"https:\/\/www.hgcp-seeds.be\/nl\/shop\/biologische-germisem-zaden\/groentezaden-bio\/tomaat-teton-de-venus\/","title":{"rendered":"Tomaat T\u00eaton de Venus"},"content":{"rendered":"<p>De tomaat T\u00e9ton de V\u00e9nus is een oud middenseizoenras uit Itali\u00eb.<\/p>\n<p>De hartvormige vruchten hebben een nippelvormig uiteinde, vandaar de naam&#8230;<\/p>\n<p>De rode vruchten bevatten stevig en dicht vruchtvlees, met een zachte en zoete smaak. Zoeter dan deze tomaat is bijna niet mogelijk&#8230;!<\/p>\n<p>Binnen zaaien van december tot april (min. 20\u00b0C). Uitplanten als de vorst voorbij is en de planten een hoogte van 12 tot 15 cm bereiken, op 60 x 60 cm, op een zonnige plaats.<\/p>\n<p>Ondersteuning met stok of draad is nodig.<\/p>\n","protected":false},"excerpt":{"rendered":"<p>De tomaat T\u00e9ton de V\u00e9nus is een oud middenseizoenras uit Itali\u00eb. De hartvormige vruchten hebben een nippelvormig uiteinde, vandaar de naam&#8230; De rode vruchten bevatten stevig en dicht vruchtvlees, met een zachte en zoete smaak. Zoeter dan deze tomaat is bijna niet mogelijk&#8230;! Binnen zaaien van december tot april (min. 20\u00b0C). Uitplanten als de vorst [&hellip;]<\/p>\n","protected":false},"featured_media":7419,"template":"","meta":{"_acf_changed":false},"product_brand":[],"product_cat":[31,54],"product_tag":[],"class_list":{"0":"post-7495","1":"product","2":"type-product","3":"status-publish","4":"has-post-thumbnail","6":"product_cat-biologische-germisem-zaden","7":"product_cat-groentezaden-bio","9":"first","10":"instock","11":"taxable","12":"shipping-taxable","13":"purchasable","14":"product-type-simple"},"acf":[],"_links":{"self":[{"href":"https:\/\/www.hgcp-seeds.be\/nl\/wp-json\/wp\/v2\/product\/7495","targetHints":{"allow":["GET"]}}],"collection":[{"href":"https:\/\/www.hgcp-seeds.be\/nl\/wp-json\/wp\/v2\/product"}],"about":[{"href":"https:\/\/www.hgcp-seeds.be\/nl\/wp-json\/wp\/v2\/types\/product"}],"wp:featuredmedia":[{"embeddable":true,"href":"https:\/\/www.hgcp-seeds.be\/nl\/wp-json\/wp\/v2\/media\/7419"}],"wp:attachment":[{"href":"https:\/\/www.hgcp-seeds.be\/nl\/wp-json\/wp\/v2\/media?parent=7495"}],"wp:term":[{"taxonomy":"product_brand","embeddable":true,"href":"https:\/\/www.hgcp-seeds.be\/nl\/wp-json\/wp\/v2\/product_brand?post=7495"},{"taxonomy":"product_cat","embeddable":true,"href":"https:\/\/www.hgcp-seeds.be\/nl\/wp-json\/wp\/v2\/product_cat?post=7495"},{"taxonomy":"product_tag","embeddable":true,"href":"https:\/\/www.hgcp-seeds.be\/nl\/wp-json\/wp\/v2\/product_tag?post=7495"}],"curies":[{"name":"wp","href":"https:\/\/api.w.org\/{rel}","templated":true}]}}